{"id":6092,"date":"2020-02-09T12:38:40","date_gmt":"2020-02-09T12:38:40","guid":{"rendered":"http:\/\/roz.metayat.com\/?page_id=6092"},"modified":"2020-12-25T14:34:45","modified_gmt":"2020-12-25T14:34:45","slug":"arac-kaplama","status":"publish","type":"page","link":"https:\/\/roz.metayat.com\/index.php\/arac-kaplama\/","title":{"rendered":"ARA\u00c7 KAPLAMA"},"content":{"rendered":"<p>[et_pb_section fb_built=&#8221;1&#8243; admin_label=&#8221;Hero&#8221; _builder_version=&#8221;4.7.7&#8243; background_color=&#8221;#847f82&#8243; background_image=&#8221;https:\/\/roz.metayat.com\/wp-content\/uploads\/2020\/07\/DFARACEntry.jpg&#8221; background_blend=&#8221;screen&#8221; min_height=&#8221;200px&#8221; custom_padding=&#8221;|||&#8221; animation_style=&#8221;zoom&#8221; animation_intensity_zoom=&#8221;4%&#8221; hover_enabled=&#8221;0&#8243; title_text=&#8221;DFARACEntry&#8221; sticky_enabled=&#8221;0&#8243;][et_pb_row _builder_version=&#8221;4.4.7&#8243; background_size=&#8221;initial&#8221; background_position=&#8221;top_left&#8221; background_repeat=&#8221;repeat&#8221; custom_padding=&#8221;|||&#8221; animation_style=&#8221;slide&#8221; animation_direction=&#8221;top&#8221; animation_intensity_slide=&#8221;3%&#8221;][et_pb_column type=&#8221;4_4&#8243; _builder_version=&#8221;4.4.7&#8243; custom_padding=&#8221;80px||||false|false&#8221; custom_padding__hover=&#8221;|||&#8221;][et_pb_text _builder_version=&#8221;4.4.7&#8243; text_font=&#8221;||||||||&#8221; header_font=&#8221;Rubik|700||on|||||&#8221; header_text_color=&#8221;#353740&#8243; header_font_size=&#8221;41px&#8221; header_line_height=&#8221;1.3em&#8221; background_size=&#8221;initial&#8221; background_position=&#8221;top_left&#8221; background_repeat=&#8221;repeat&#8221; width=&#8221;100%&#8221; custom_margin=&#8221;|||-1px|false|false&#8221; custom_padding=&#8221;100px|0px||3px|false|false&#8221; animation_style=&#8221;fade&#8221; header_font_size_last_edited=&#8221;off|desktop&#8221; locked=&#8221;off&#8221;]<\/p>\n<h1 style=\"text-align: left;\"><span color=\"#00adef\" style=\"color: #00adef;\">ARA\u00c7 KAPLAMA<\/span><\/h1>\n<p>[\/et_pb_text][\/et_pb_column][\/et_pb_row][\/et_pb_section][et_pb_section fb_built=&#8221;1&#8243; make_equal=&#8221;on&#8221; use_custom_gutter=&#8221;on&#8221; specialty=&#8221;on&#8221; padding_top_1=&#8221;0px&#8221; admin_label=&#8221;Work Section&#8221; _builder_version=&#8221;3.22&#8243; custom_padding=&#8221;60px||4px|||&#8221; locked=&#8221;off&#8221;][et_pb_column type=&#8221;1_2&#8243; _builder_version=&#8221;3.25&#8243; custom_padding=&#8221;|||&#8221; padding_top__hover=&#8221;0px&#8221; parallax__hover=&#8221;off&#8221; parallax_method__hover=&#8221;on&#8221; custom_padding__hover=&#8221;|||&#8221;][et_pb_image src=&#8221;https:\/\/roz.metayat.com\/wp-content\/uploads\/2020\/07\/DFARAC0.jpg&#8221; title_text=&#8221;DFARAC0&#8243; show_in_lightbox=&#8221;on&#8221; align_tablet=&#8221;center&#8221; align_phone=&#8221;&#8221; align_last_edited=&#8221;on|desktop&#8221; _builder_version=&#8221;4.7.7&#8243; animation_style=&#8221;flip&#8221; hover_enabled=&#8221;0&#8243; box_shadow_style=&#8221;preset7&#8243; box_shadow_horizontal=&#8221;0px&#8221; box_shadow_vertical=&#8221;0px&#8221; box_shadow_spread=&#8221;10px&#8221; box_shadow_color=&#8221;#ffffff&#8221; sticky_enabled=&#8221;0&#8243;][\/et_pb_image][et_pb_image src=&#8221;https:\/\/roz.metayat.com\/wp-content\/uploads\/2020\/07\/31569333.jpg&#8221; title_text=&#8221;31569333&#8243; show_in_lightbox=&#8221;on&#8221; align_tablet=&#8221;center&#8221; align_phone=&#8221;&#8221; align_last_edited=&#8221;on|desktop&#8221; _builder_version=&#8221;4.7.7&#8243; animation_style=&#8221;flip&#8221; hover_enabled=&#8221;0&#8243; box_shadow_style=&#8221;preset7&#8243; box_shadow_horizontal=&#8221;0px&#8221; box_shadow_vertical=&#8221;0px&#8221; box_shadow_spread=&#8221;10px&#8221; box_shadow_color=&#8221;#ffffff&#8221; sticky_enabled=&#8221;0&#8243;][\/et_pb_image][\/et_pb_column][et_pb_column type=&#8221;1_2&#8243; specialty_columns=&#8221;2&#8243; _builder_version=&#8221;3.25&#8243; custom_padding=&#8221;|||&#8221; parallax__hover=&#8221;off&#8221; parallax_method__hover=&#8221;on&#8221; custom_padding__hover=&#8221;|||&#8221;][et_pb_row_inner _builder_version=&#8221;4.4.7&#8243; custom_padding=&#8221;10px|||||&#8221;][et_pb_column_inner saved_specialty_column_type=&#8221;1_2&#8243; _builder_version=&#8221;4.4.7&#8243;][et_pb_text _builder_version=&#8221;4.4.8&#8243; min_height=&#8221;208px&#8221; custom_margin=&#8221;||-23px|||&#8221; custom_padding=&#8221;||0px|15px||&#8221;]<\/p>\n<p><span style=\"color: #00adef;\"><strong>\u00c7ok fazla say\u0131da ki\u015fiye ula\u015f\u0131labilir g\u00f6rsel unsurlar kullan\u0131labilen ve ayn\u0131 zamanda \u00e7e\u015fitli kurumsal mesajlar da i\u00e7erebilen ara\u00e7 kaplama i\u015flemi uygun maliyetlerle son y\u0131llarda yayg\u0131n olarak kullan\u0131lan bir reklam ve pazarlama bi\u00e7imi haline geldi.<\/strong><\/span><\/p>\n<p><span style=\"color: #00adef;\"><strong> Dijifast olarak uzun y\u0131llar kullan\u0131labilecek kaplama i\u015fini u\u00e7ak dahil hemen hemen her araca uygulayabiliyoruz. Sizler i\u00e7in \u00fcst\u00fcn kalitede \u00e7arp\u0131c\u0131 ara\u00e7 giydirmeleri yap\u0131yoruz. Geleneksel vinil harfler, logolu veya metinli yar\u0131m veya tam otomobil, kamyonet veya kamyon kaplamalar\u0131 gibi t\u00fcm hizmetler sunuyoruz. \u0130lk d\u00f6kme ara\u00e7 vinilinin piyasaya \u00e7\u0131kt\u0131\u011f\u0131 andan \u015fu ana kadar ara\u00e7 giydirmelerinde uzun y\u0131llara dayanan deneyime sahibiz. \u015eirketiniz veya kurulu\u015funuz i\u00e7in m\u00fcmk\u00fcn olan en iyi sonucu alaca\u011f\u0131n\u0131zdan emin olabilirsiniz.<\/strong> <\/span><\/p>\n<p>[\/et_pb_text][\/et_pb_column_inner][\/et_pb_row_inner][et_pb_row_inner column_structure=&#8221;1_2,1_2&#8243; _builder_version=&#8221;3.25&#8243; custom_padding=&#8221;0px||0px|&#8221;][et_pb_column_inner type=&#8221;1_2&#8243; saved_specialty_column_type=&#8221;1_2&#8243; _builder_version=&#8221;3.25&#8243; custom_padding=&#8221;|||&#8221; parallax__hover=&#8221;off&#8221; parallax_method__hover=&#8221;on&#8221; custom_padding__hover=&#8221;|||&#8221;][et_pb_image src=&#8221;https:\/\/roz.metayat.com\/wp-content\/uploads\/2020\/07\/DFARAC2.jpg&#8221; title_text=&#8221;DFARAC2&#8243; show_in_lightbox=&#8221;on&#8221; align_tablet=&#8221;center&#8221; align_phone=&#8221;&#8221; align_last_edited=&#8221;on|desktop&#8221; _builder_version=&#8221;4.7.7&#8243; animation_style=&#8221;flip&#8221; animation_direction=&#8221;right&#8221; box_shadow_style=&#8221;preset7&#8243; box_shadow_horizontal=&#8221;0px&#8221; box_shadow_vertical=&#8221;0px&#8221; box_shadow_spread=&#8221;10px&#8221; box_shadow_color=&#8221;#ffffff&#8221; locked=&#8221;off&#8221;][\/et_pb_image][\/et_pb_column_inner][et_pb_column_inner type=&#8221;1_2&#8243; saved_specialty_column_type=&#8221;1_2&#8243; _builder_version=&#8221;3.25&#8243; custom_padding=&#8221;|||&#8221; parallax__hover=&#8221;off&#8221; parallax_method__hover=&#8221;on&#8221; custom_padding__hover=&#8221;|||&#8221;][et_pb_image src=&#8221;https:\/\/roz.metayat.com\/wp-content\/uploads\/2020\/07\/DFARAC1.jpg&#8221; title_text=&#8221;DFARAC1&#8243; show_in_lightbox=&#8221;on&#8221; align_tablet=&#8221;center&#8221; align_phone=&#8221;&#8221; align_last_edited=&#8221;on|desktop&#8221; _builder_version=&#8221;4.7.7&#8243; animation_style=&#8221;flip&#8221; animation_direction=&#8221;right&#8221; box_shadow_style=&#8221;preset7&#8243; box_shadow_horizontal=&#8221;0px&#8221; box_shadow_vertical=&#8221;0px&#8221; box_shadow_spread=&#8221;10px&#8221; box_shadow_color=&#8221;#ffffff&#8221;][\/et_pb_image][\/et_pb_column_inner][\/et_pb_row_inner][et_pb_row_inner _builder_version=&#8221;4.4.7&#8243; custom_padding=&#8221;13px|||||&#8221;][et_pb_column_inner saved_specialty_column_type=&#8221;1_2&#8243; _builder_version=&#8221;4.4.7&#8243;][et_pb_image src=&#8221;https:\/\/roz.metayat.com\/wp-content\/uploads\/2020\/07\/DFARAC3.jpg&#8221; title_text=&#8221;DFARAC3&#8243; show_in_lightbox=&#8221;on&#8221; align_tablet=&#8221;center&#8221; align_phone=&#8221;&#8221; align_last_edited=&#8221;on|desktop&#8221; _builder_version=&#8221;4.7.7&#8243; custom_margin=&#8221;-21px|||||&#8221; custom_padding=&#8221;|0px|1px|0px||&#8221; animation_style=&#8221;flip&#8221; animation_direction=&#8221;right&#8221; box_shadow_style=&#8221;preset7&#8243; box_shadow_horizontal=&#8221;0px&#8221; box_shadow_vertical=&#8221;0px&#8221; box_shadow_spread=&#8221;10px&#8221; box_shadow_color=&#8221;#ffffff&#8221;][\/et_pb_image][\/et_pb_column_inner][\/et_pb_row_inner][\/et_pb_column][\/et_pb_section][et_pb_section fb_built=&#8221;1&#8243; _builder_version=&#8221;4.4.8&#8243; background_color=&#8221;#847f82&#8243; custom_margin=&#8221;||-20px||false|false&#8221; custom_padding=&#8221;0px|0px|4px|0px||&#8221;][et_pb_row _builder_version=&#8221;3.25&#8243; background_size=&#8221;initial&#8221; background_position=&#8221;top_left&#8221; background_repeat=&#8221;repeat&#8221;][et_pb_column type=&#8221;4_4&#8243; _builder_version=&#8221;3.25&#8243; custom_padding=&#8221;|||&#8221; custom_padding__hover=&#8221;|||&#8221;][et_pb_image src=&#8221;https:\/\/roz.metayat.com\/wp-content\/uploads\/2020\/07\/DFARACX.jpg&#8221; title_text=&#8221;DFARACX&#8221; show_in_lightbox=&#8221;on&#8221; align=&#8221;center&#8221; align_tablet=&#8221;center&#8221; align_phone=&#8221;&#8221; align_last_edited=&#8221;on|desktop&#8221; _builder_version=&#8221;4.7.7&#8243; custom_margin=&#8221;60px||51px|||&#8221; animation_style=&#8221;slide&#8221; animation_direction=&#8221;left&#8221; animation_duration=&#8221;500ms&#8221; animation_intensity_slide=&#8221;10%&#8221; animation_starting_opacity=&#8221;100%&#8221;][\/et_pb_image][\/et_pb_column][\/et_pb_row][\/et_pb_section]<\/p>\n","protected":false},"excerpt":{"rendered":"<p>[et_pb_section fb_built=&#8221;1&#8243; admin_label=&#8221;Hero&#8221; _builder_version=&#8221;4.7.7&#8243; background_color=&#8221;#847f82&#8243; background_image=&#8221;https:\/\/roz.metayat.com\/wp-content\/uploads\/2020\/07\/DFARACEntry.jpg&#8221; background_blend=&#8221;screen&#8221; min_height=&#8221;200px&#8221; custom_padding=&#8221;|||&#8221; animation_style=&#8221;zoom&#8221; animation_intensity_zoom=&#8221;4%&#8221; hover_enabled=&#8221;0&#8243; title_text=&#8221;DFARACEntry&#8221; sticky_enabled=&#8221;0&#8243;][et_pb_row _builder_version=&#8221;4.4.7&#8243; background_size=&#8221;initial&#8221; background_position=&#8221;top_left&#8221; background_repeat=&#8221;repeat&#8221; custom_padding=&#8221;|||&#8221; animation_style=&#8221;slide&#8221; animation_direction=&#8221;top&#8221; animation_intensity_slide=&#8221;3%&#8221;][et_pb_column type=&#8221;4_4&#8243; _builder_version=&#8221;4.4.7&#8243; custom_padding=&#8221;80px||||false|false&#8221; custom_padding__hover=&#8221;|||&#8221;][et_pb_text _builder_version=&#8221;4.4.7&#8243; text_font=&#8221;||||||||&#8221; header_font=&#8221;Rubik|700||on|||||&#8221; header_text_color=&#8221;#353740&#8243; header_font_size=&#8221;41px&#8221; header_line_height=&#8221;1.3em&#8221; background_size=&#8221;initial&#8221; background_position=&#8221;top_left&#8221; background_repeat=&#8221;repeat&#8221; width=&#8221;100%&#8221; custom_margin=&#8221;|||-1px|false|false&#8221; custom_padding=&#8221;100px|0px||3px|false|false&#8221; animation_style=&#8221;fade&#8221; header_font_size_last_edited=&#8221;off|desktop&#8221; locked=&#8221;off&#8221;] ARA\u00c7 KAPLAMA [\/et_pb_text][\/et_pb_column][\/et_pb_row][\/et_pb_section][et_pb_section fb_built=&#8221;1&#8243; make_equal=&#8221;on&#8221; use_custom_gutter=&#8221;on&#8221; specialty=&#8221;on&#8221; padding_top_1=&#8221;0px&#8221; admin_label=&#8221;Work Section&#8221; _builder_version=&#8221;3.22&#8243; custom_padding=&#8221;60px||4px|||&#8221; locked=&#8221;off&#8221;][et_pb_column type=&#8221;1_2&#8243; [&hellip;]<\/p>\n","protected":false},"author":1,"featured_media":0,"parent":0,"menu_order":0,"comment_status":"closed","ping_status":"closed","template":"","meta":{"_et_pb_use_builder":"on","_et_pb_old_content":"","_et_gb_content_width":"","footnotes":""},"class_list":["post-6092","page","type-page","status-publish","hentry"],"_links":{"self":[{"href":"https:\/\/roz.metayat.com\/index.php\/wp-json\/wp\/v2\/pages\/6092","targetHints":{"allow":["GET"]}}],"collection":[{"href":"https:\/\/roz.metayat.com\/index.php\/wp-json\/wp\/v2\/pages"}],"about":[{"href":"https:\/\/roz.metayat.com\/index.php\/wp-json\/wp\/v2\/types\/page"}],"author":[{"embeddable":true,"href":"https:\/\/roz.metayat.com\/index.php\/wp-json\/wp\/v2\/users\/1"}],"replies":[{"embeddable":true,"href":"https:\/\/roz.metayat.com\/index.php\/wp-json\/wp\/v2\/comments?post=6092"}],"version-history":[{"count":14,"href":"https:\/\/roz.metayat.com\/index.php\/wp-json\/wp\/v2\/pages\/6092\/revisions"}],"predecessor-version":[{"id":8933,"href":"https:\/\/roz.metayat.com\/index.php\/wp-json\/wp\/v2\/pages\/6092\/revisions\/8933"}],"wp:attachment":[{"href":"https:\/\/roz.metayat.com\/index.php\/wp-json\/wp\/v2\/media?parent=6092"}],"curies":[{"name":"wp","href":"https:\/\/api.w.org\/{rel}","templated":true}]}}