{"id":6120,"date":"2020-02-09T12:44:28","date_gmt":"2020-02-09T12:44:28","guid":{"rendered":"http:\/\/roz.metayat.com\/?page_id=6120"},"modified":"2020-12-25T16:50:14","modified_gmt":"2020-12-25T16:50:14","slug":"barisol","status":"publish","type":"page","link":"https:\/\/roz.metayat.com\/index.php\/barisol\/","title":{"rendered":"BARISOL"},"content":{"rendered":"<p>[et_pb_section fb_built=&#8221;1&#8243; admin_label=&#8221;Hero&#8221; _builder_version=&#8221;4.7.7&#8243; background_color=&#8221;#847f82&#8243; background_image=&#8221;https:\/\/roz.metayat.com\/wp-content\/uploads\/2020\/07\/BARISOLEntry.jpg&#8221; background_blend=&#8221;screen&#8221; min_height=&#8221;200px&#8221; custom_padding=&#8221;|||&#8221; animation_style=&#8221;zoom&#8221; animation_intensity_zoom=&#8221;4%&#8221; hover_enabled=&#8221;0&#8243; title_text=&#8221;BARISOLEntry&#8221; sticky_enabled=&#8221;0&#8243;][et_pb_row _builder_version=&#8221;4.4.7&#8243; background_size=&#8221;initial&#8221; background_position=&#8221;top_left&#8221; background_repeat=&#8221;repeat&#8221; custom_padding=&#8221;|||&#8221; animation_style=&#8221;slide&#8221; animation_direction=&#8221;top&#8221; animation_intensity_slide=&#8221;3%&#8221;][et_pb_column type=&#8221;4_4&#8243; _builder_version=&#8221;4.4.7&#8243; custom_padding=&#8221;80px||||false|false&#8221; custom_padding__hover=&#8221;|||&#8221;][et_pb_text _builder_version=&#8221;4.4.7&#8243; text_font=&#8221;||||||||&#8221; header_font=&#8221;Rubik|700||on|||||&#8221; header_text_color=&#8221;#353740&#8243; header_font_size=&#8221;41px&#8221; header_line_height=&#8221;1.3em&#8221; background_size=&#8221;initial&#8221; background_position=&#8221;top_left&#8221; background_repeat=&#8221;repeat&#8221; width=&#8221;100%&#8221; custom_margin=&#8221;|||-1px|false|false&#8221; custom_padding=&#8221;100px|0px||3px|false|false&#8221; animation_style=&#8221;fade&#8221; header_font_size_last_edited=&#8221;off|desktop&#8221; locked=&#8221;off&#8221;]<\/p>\n<h1 style=\"text-align: left;\"><span color=\"#00adef\" style=\"color: #00adef;\">bar\u0131sol<\/span><\/h1>\n<p>[\/et_pb_text][\/et_pb_column][\/et_pb_row][\/et_pb_section][et_pb_section fb_built=&#8221;1&#8243; make_equal=&#8221;on&#8221; use_custom_gutter=&#8221;on&#8221; specialty=&#8221;on&#8221; padding_top_1=&#8221;0px&#8221; admin_label=&#8221;Work Section&#8221; _builder_version=&#8221;3.22&#8243; custom_padding=&#8221;60px||4px|||&#8221; locked=&#8221;off&#8221;][et_pb_column type=&#8221;1_2&#8243; _builder_version=&#8221;3.25&#8243; custom_padding=&#8221;|||&#8221; padding_top__hover=&#8221;0px&#8221; parallax__hover=&#8221;off&#8221; parallax_method__hover=&#8221;on&#8221; custom_padding__hover=&#8221;|||&#8221;][et_pb_image src=&#8221;https:\/\/roz.metayat.com\/wp-content\/uploads\/2020\/07\/BARISOL0.jpg&#8221; title_text=&#8221;BARISOL0&#8243; show_in_lightbox=&#8221;on&#8221; align=&#8221;center&#8221; align_tablet=&#8221;center&#8221; align_phone=&#8221;&#8221; align_last_edited=&#8221;on|desktop&#8221; _builder_version=&#8221;4.7.7&#8243; animation_style=&#8221;flip&#8221; border_color_all=&#8221;#00adef&#8221; box_shadow_style=&#8221;preset7&#8243; box_shadow_horizontal=&#8221;0px&#8221; box_shadow_vertical=&#8221;0px&#8221; box_shadow_spread=&#8221;10px&#8221; box_shadow_color=&#8221;#ffffff&#8221;][\/et_pb_image][\/et_pb_column][et_pb_column type=&#8221;1_2&#8243; specialty_columns=&#8221;2&#8243; _builder_version=&#8221;3.25&#8243; custom_padding=&#8221;|||&#8221; parallax__hover=&#8221;off&#8221; parallax_method__hover=&#8221;on&#8221; custom_padding__hover=&#8221;|||&#8221;][et_pb_row_inner _builder_version=&#8221;4.4.7&#8243; custom_padding=&#8221;8px|||||&#8221;][et_pb_column_inner saved_specialty_column_type=&#8221;1_2&#8243; _builder_version=&#8221;4.4.7&#8243;][et_pb_text _builder_version=&#8221;4.4.7&#8243; min_height=&#8221;208px&#8221; custom_margin=&#8221;||-23px|||&#8221; custom_padding=&#8221;|||15px||&#8221;]<\/p>\n<p><span style=\"color: #00adef;\"><strong>Barisol d\u00fcnyas\u0131, sadece hayal g\u00fcc\u00fcn\u00fczle s\u0131n\u0131rl\u0131 olan sonsuz olas\u0131l\u0131klar sunar. Barisol, canl\u0131 renkler ve karma\u015f\u0131k \u015fekiller kombinasyonu ile estetik gereksinimlerinizi en gelenekselden en cesura kar\u015f\u0131layacak benzersiz tasar\u0131mlar elde etmenizi sa\u011flar. <\/strong><\/span><\/p>\n<p><span style=\"color: #00adef;\"><strong>Barisol&#8217;\u00fcn cazibesi, membrana do\u011frudan dijital olarak yazd\u0131rma se\u00e7ene\u011fi ile daha da geli\u015ftirilmi\u015ftir. Tamamen ki\u015fiselle\u015ftirilmi\u015f tasar\u0131mlarla, tavan dahil t\u00fcm y\u00fczeylere herhangi bir foto\u011fraf, desen veya motif bas\u0131labilir. Hatta bask\u0131 tavanlar arkadan ayd\u0131nlat\u0131ld\u0131\u011f\u0131nda g\u00f6ky\u00fcz\u00fc havas\u0131 veren taze ve temiz bir g\u00f6r\u00fcn\u00fcmlerle i\u015fletmenizi s\u0131k\u0131c\u0131l\u0131ktan kurtar\u0131rken dekorasyon kalitenize katk\u0131da bulunur. Arkadan ayd\u0131nlatma yap\u0131labilen yar\u0131 saydam t\u00fcm Barisol y\u00fczeyler, grafik g\u00f6r\u00fcnt\u00fcn\u00fcn etkisini \u00f6nemli \u00f6l\u00e7\u00fcde artt\u0131rman\u0131n basit ve etkili bir yoludur..<\/strong><\/span><\/p>\n<p>[\/et_pb_text][\/et_pb_column_inner][\/et_pb_row_inner][et_pb_row_inner column_structure=&#8221;1_2,1_2&#8243; _builder_version=&#8221;3.25&#8243; custom_padding=&#8221;0px||0px|&#8221;][et_pb_column_inner type=&#8221;1_2&#8243; saved_specialty_column_type=&#8221;1_2&#8243; _builder_version=&#8221;3.25&#8243; custom_padding=&#8221;|||&#8221; parallax__hover=&#8221;off&#8221; parallax_method__hover=&#8221;on&#8221; custom_padding__hover=&#8221;|||&#8221;][et_pb_image src=&#8221;https:\/\/roz.metayat.com\/wp-content\/uploads\/2020\/07\/001-Barisol.jpg&#8221; title_text=&#8221;001 Barisol&#8221; show_in_lightbox=&#8221;on&#8221; align_tablet=&#8221;center&#8221; align_phone=&#8221;&#8221; align_last_edited=&#8221;on|desktop&#8221; _builder_version=&#8221;4.7.7&#8243; animation_style=&#8221;flip&#8221; animation_direction=&#8221;right&#8221; box_shadow_style=&#8221;preset7&#8243; box_shadow_horizontal=&#8221;0px&#8221; box_shadow_vertical=&#8221;0px&#8221; box_shadow_spread=&#8221;10px&#8221; box_shadow_color=&#8221;#ffffff&#8221; locked=&#8221;off&#8221;][\/et_pb_image][\/et_pb_column_inner][et_pb_column_inner type=&#8221;1_2&#8243; saved_specialty_column_type=&#8221;1_2&#8243; _builder_version=&#8221;3.25&#8243; custom_padding=&#8221;|||&#8221; parallax__hover=&#8221;off&#8221; parallax_method__hover=&#8221;on&#8221; custom_padding__hover=&#8221;|||&#8221;][et_pb_image src=&#8221;https:\/\/roz.metayat.com\/wp-content\/uploads\/2020\/07\/BARISOL1.jpg&#8221; title_text=&#8221;BARISOL1&#8243; show_in_lightbox=&#8221;on&#8221; align_tablet=&#8221;center&#8221; align_phone=&#8221;&#8221; align_last_edited=&#8221;on|desktop&#8221; _builder_version=&#8221;4.7.7&#8243; animation_style=&#8221;flip&#8221; animation_direction=&#8221;right&#8221; box_shadow_style=&#8221;preset7&#8243; box_shadow_horizontal=&#8221;0px&#8221; box_shadow_vertical=&#8221;0px&#8221; box_shadow_spread=&#8221;10px&#8221; box_shadow_color=&#8221;#ffffff&#8221;][\/et_pb_image][\/et_pb_column_inner][\/et_pb_row_inner][et_pb_row_inner _builder_version=&#8221;4.4.7&#8243; custom_padding=&#8221;13px|||||&#8221;][et_pb_column_inner saved_specialty_column_type=&#8221;1_2&#8243; _builder_version=&#8221;4.4.7&#8243;][et_pb_image src=&#8221;https:\/\/roz.metayat.com\/wp-content\/uploads\/2020\/07\/DFBARISOL03.jpg&#8221; title_text=&#8221;DFBARISOL03&#8243; show_in_lightbox=&#8221;on&#8221; align_tablet=&#8221;center&#8221; align_phone=&#8221;&#8221; align_last_edited=&#8221;on|desktop&#8221; _builder_version=&#8221;4.7.7&#8243; custom_margin=&#8221;-21px|||||&#8221; custom_padding=&#8221;|0px|1px|0px||&#8221; animation_style=&#8221;flip&#8221; animation_direction=&#8221;right&#8221; box_shadow_style=&#8221;preset7&#8243; box_shadow_horizontal=&#8221;0px&#8221; box_shadow_vertical=&#8221;0px&#8221; box_shadow_spread=&#8221;10px&#8221; box_shadow_color=&#8221;#ffffff&#8221;][\/et_pb_image][\/et_pb_column_inner][\/et_pb_row_inner][\/et_pb_column][\/et_pb_section][et_pb_section fb_built=&#8221;1&#8243; _builder_version=&#8221;4.4.8&#8243; background_color=&#8221;#847f82&#8243; custom_margin=&#8221;||-27px||false|false&#8221; custom_padding=&#8221;0px|0px|4px|0px||&#8221;][et_pb_row _builder_version=&#8221;3.25&#8243; background_size=&#8221;initial&#8221; background_position=&#8221;top_left&#8221; background_repeat=&#8221;repeat&#8221;][et_pb_column type=&#8221;4_4&#8243; _builder_version=&#8221;3.25&#8243; custom_padding=&#8221;|||&#8221; custom_padding__hover=&#8221;|||&#8221;][et_pb_image src=&#8221;https:\/\/roz.metayat.com\/wp-content\/uploads\/2020\/07\/004-Barisol.jpg&#8221; title_text=&#8221;004 Barisol&#8221; show_in_lightbox=&#8221;on&#8221; align=&#8221;center&#8221; align_tablet=&#8221;center&#8221; align_phone=&#8221;&#8221; align_last_edited=&#8221;on|desktop&#8221; _builder_version=&#8221;4.7.7&#8243; custom_margin=&#8221;60px||51px|||&#8221; animation_style=&#8221;slide&#8221; animation_direction=&#8221;left&#8221; animation_duration=&#8221;500ms&#8221; animation_intensity_slide=&#8221;10%&#8221; animation_starting_opacity=&#8221;100%&#8221;][\/et_pb_image][\/et_pb_column][\/et_pb_row][\/et_pb_section]<\/p>\n","protected":false},"excerpt":{"rendered":"<p>[et_pb_section fb_built=&#8221;1&#8243; admin_label=&#8221;Hero&#8221; _builder_version=&#8221;4.7.7&#8243; background_color=&#8221;#847f82&#8243; background_image=&#8221;https:\/\/roz.metayat.com\/wp-content\/uploads\/2020\/07\/BARISOLEntry.jpg&#8221; background_blend=&#8221;screen&#8221; min_height=&#8221;200px&#8221; custom_padding=&#8221;|||&#8221; animation_style=&#8221;zoom&#8221; animation_intensity_zoom=&#8221;4%&#8221; hover_enabled=&#8221;0&#8243; title_text=&#8221;BARISOLEntry&#8221; sticky_enabled=&#8221;0&#8243;][et_pb_row _builder_version=&#8221;4.4.7&#8243; background_size=&#8221;initial&#8221; background_position=&#8221;top_left&#8221; background_repeat=&#8221;repeat&#8221; custom_padding=&#8221;|||&#8221; animation_style=&#8221;slide&#8221; animation_direction=&#8221;top&#8221; animation_intensity_slide=&#8221;3%&#8221;][et_pb_column type=&#8221;4_4&#8243; _builder_version=&#8221;4.4.7&#8243; custom_padding=&#8221;80px||||false|false&#8221; custom_padding__hover=&#8221;|||&#8221;][et_pb_text _builder_version=&#8221;4.4.7&#8243; text_font=&#8221;||||||||&#8221; header_font=&#8221;Rubik|700||on|||||&#8221; header_text_color=&#8221;#353740&#8243; header_font_size=&#8221;41px&#8221; header_line_height=&#8221;1.3em&#8221; background_size=&#8221;initial&#8221; background_position=&#8221;top_left&#8221; background_repeat=&#8221;repeat&#8221; width=&#8221;100%&#8221; custom_margin=&#8221;|||-1px|false|false&#8221; custom_padding=&#8221;100px|0px||3px|false|false&#8221; animation_style=&#8221;fade&#8221; header_font_size_last_edited=&#8221;off|desktop&#8221; locked=&#8221;off&#8221;] bar\u0131sol [\/et_pb_text][\/et_pb_column][\/et_pb_row][\/et_pb_section][et_pb_section fb_built=&#8221;1&#8243; make_equal=&#8221;on&#8221; use_custom_gutter=&#8221;on&#8221; specialty=&#8221;on&#8221; padding_top_1=&#8221;0px&#8221; admin_label=&#8221;Work Section&#8221; _builder_version=&#8221;3.22&#8243; custom_padding=&#8221;60px||4px|||&#8221; locked=&#8221;off&#8221;][et_pb_column type=&#8221;1_2&#8243; _builder_version=&#8221;3.25&#8243; [&hellip;]<\/p>\n","protected":false},"author":1,"featured_media":0,"parent":0,"menu_order":0,"comment_status":"closed","ping_status":"closed","template":"","meta":{"_et_pb_use_builder":"on","_et_pb_old_content":"<!-- wp:divi\/placeholder \/-->","_et_gb_content_width":"","footnotes":""},"class_list":["post-6120","page","type-page","status-publish","hentry"],"_links":{"self":[{"href":"https:\/\/roz.metayat.com\/index.php\/wp-json\/wp\/v2\/pages\/6120","targetHints":{"allow":["GET"]}}],"collection":[{"href":"https:\/\/roz.metayat.com\/index.php\/wp-json\/wp\/v2\/pages"}],"about":[{"href":"https:\/\/roz.metayat.com\/index.php\/wp-json\/wp\/v2\/types\/page"}],"author":[{"embeddable":true,"href":"https:\/\/roz.metayat.com\/index.php\/wp-json\/wp\/v2\/users\/1"}],"replies":[{"embeddable":true,"href":"https:\/\/roz.metayat.com\/index.php\/wp-json\/wp\/v2\/comments?post=6120"}],"version-history":[{"count":15,"href":"https:\/\/roz.metayat.com\/index.php\/wp-json\/wp\/v2\/pages\/6120\/revisions"}],"predecessor-version":[{"id":8999,"href":"https:\/\/roz.metayat.com\/index.php\/wp-json\/wp\/v2\/pages\/6120\/revisions\/8999"}],"wp:attachment":[{"href":"https:\/\/roz.metayat.com\/index.php\/wp-json\/wp\/v2\/media?parent=6120"}],"curies":[{"name":"wp","href":"https:\/\/api.w.org\/{rel}","templated":true}]}}