{"id":6130,"date":"2020-02-09T12:47:03","date_gmt":"2020-02-09T12:47:03","guid":{"rendered":"http:\/\/roz.metayat.com\/?page_id=6130"},"modified":"2020-12-25T16:11:31","modified_gmt":"2020-12-25T16:11:31","slug":"orumcek-baski-pop-up-display","status":"publish","type":"page","link":"https:\/\/roz.metayat.com\/index.php\/orumcek-baski-pop-up-display\/","title":{"rendered":"\u00d6R\u00dcMCEK BASKI (POP-UP DISPLAY)"},"content":{"rendered":"<p>[et_pb_section fb_built=&#8221;1&#8243; admin_label=&#8221;Hero&#8221; _builder_version=&#8221;4.7.7&#8243; background_color=&#8221;#847f82&#8243; background_image=&#8221;https:\/\/roz.metayat.com\/wp-content\/uploads\/2020\/07\/DFPOPEntry.jpg&#8221; background_blend=&#8221;color-burn&#8221; min_height=&#8221;200px&#8221; custom_padding=&#8221;|||&#8221; animation_style=&#8221;zoom&#8221; animation_intensity_zoom=&#8221;4%&#8221; hover_enabled=&#8221;0&#8243; title_text=&#8221;DFPOPEntry&#8221; sticky_enabled=&#8221;0&#8243;][et_pb_row _builder_version=&#8221;4.4.7&#8243; background_size=&#8221;initial&#8221; background_position=&#8221;top_left&#8221; background_repeat=&#8221;repeat&#8221; custom_padding=&#8221;|||&#8221; animation_style=&#8221;slide&#8221; animation_direction=&#8221;top&#8221; animation_intensity_slide=&#8221;3%&#8221;][et_pb_column type=&#8221;4_4&#8243; _builder_version=&#8221;4.4.7&#8243; custom_padding=&#8221;80px||||false|false&#8221; custom_padding__hover=&#8221;|||&#8221;][et_pb_text _builder_version=&#8221;4.4.7&#8243; text_font=&#8221;||||||||&#8221; header_font=&#8221;Rubik|700||on|||||&#8221; header_text_color=&#8221;#353740&#8243; header_font_size=&#8221;41px&#8221; header_line_height=&#8221;1.3em&#8221; background_size=&#8221;initial&#8221; background_position=&#8221;top_left&#8221; background_repeat=&#8221;repeat&#8221; width=&#8221;100%&#8221; custom_margin=&#8221;|||-1px|false|false&#8221; custom_padding=&#8221;100px|0px||3px|false|false&#8221; animation_style=&#8221;fade&#8221; header_font_size_last_edited=&#8221;off|desktop&#8221; locked=&#8221;off&#8221;]<\/p>\n<h1 style=\"text-align: left;\"><span color=\"#00adef\" style=\"color: #00adef;\">\u00f6r\u00fcmcek bask\u0131 (pop-up d\u0131splay)<\/span><\/h1>\n<p>[\/et_pb_text][\/et_pb_column][\/et_pb_row][\/et_pb_section][et_pb_section fb_built=&#8221;1&#8243; make_equal=&#8221;on&#8221; use_custom_gutter=&#8221;on&#8221; specialty=&#8221;on&#8221; padding_top_1=&#8221;0px&#8221; admin_label=&#8221;Work Section&#8221; _builder_version=&#8221;3.22&#8243; custom_padding=&#8221;60px||4px|||&#8221; locked=&#8221;off&#8221;][et_pb_column type=&#8221;1_2&#8243; _builder_version=&#8221;3.25&#8243; custom_padding=&#8221;|||&#8221; padding_top__hover=&#8221;0px&#8221; parallax__hover=&#8221;off&#8221; parallax_method__hover=&#8221;on&#8221; custom_padding__hover=&#8221;|||&#8221;][et_pb_image src=&#8221;https:\/\/roz.metayat.com\/wp-content\/uploads\/2020\/07\/DFPOP0.jpg&#8221; title_text=&#8221;DFPOP0&#8243; show_in_lightbox=&#8221;on&#8221; align=&#8221;center&#8221; align_tablet=&#8221;center&#8221; align_phone=&#8221;&#8221; align_last_edited=&#8221;on|desktop&#8221; _builder_version=&#8221;4.7.7&#8243; animation_style=&#8221;flip&#8221; hover_enabled=&#8221;0&#8243; border_color_all=&#8221;#00adef&#8221; box_shadow_style=&#8221;preset7&#8243; box_shadow_horizontal=&#8221;0px&#8221; box_shadow_vertical=&#8221;0px&#8221; box_shadow_spread=&#8221;10px&#8221; box_shadow_color=&#8221;#ffffff&#8221; sticky_enabled=&#8221;0&#8243;][\/et_pb_image][\/et_pb_column][et_pb_column type=&#8221;1_2&#8243; specialty_columns=&#8221;2&#8243; _builder_version=&#8221;3.25&#8243; custom_padding=&#8221;|||&#8221; parallax__hover=&#8221;off&#8221; parallax_method__hover=&#8221;on&#8221; custom_padding__hover=&#8221;|||&#8221;][et_pb_row_inner _builder_version=&#8221;4.4.7&#8243; custom_padding=&#8221;8px|||||&#8221;][et_pb_column_inner saved_specialty_column_type=&#8221;1_2&#8243; _builder_version=&#8221;4.4.7&#8243;][et_pb_text _builder_version=&#8221;4.4.7&#8243; min_height=&#8221;208px&#8221; custom_margin=&#8221;||-23px|||&#8221; custom_padding=&#8221;|||15px||&#8221;]<\/p>\n<p><span style=\"color: #00adef;\"><strong>\u201c\u00d6r\u00fcmcek Display\u201d ler, fuar ve sergi standlar\u0131 i\u00e7in bir end\u00fcstri standard\u0131d\u0131r. Ta\u015f\u0131nabilir olmalar\u0131,\u00a0 montaj\u0131n\u0131n kolay olmas\u0131 ve gerek logo ve \u00fcr\u00fcn tan\u0131t\u0131m\u0131, gerekse de mesaj iletmede maksimum sergileme alan\u0131 sa\u011flamalar\u0131 \u201c\u00d6r\u00fcmcek Display\u201d leri pop\u00fcler bir se\u00e7enek haline getiriyor.<\/strong><\/span><\/p>\n<p><span style=\"color: #00adef;\"><strong>\u00a0<\/strong><strong>\u201c\u00d6r\u00fcmcek Display\u201d ler pop-up banner&#8217;lardan daha pahal\u0131ya mal olmas\u0131na ra\u011fmen, uzun s\u00fcre kullan\u0131labilecek markal\u0131 arka planlar s\u00f6z konusu oldu\u011funda vazge\u00e7ilmez oluyor. Grafik tasar\u0131mlar\u0131n\u0131z\u0131 yeni mesajlarla g\u00fcncellemek i\u00e7in sadece yenilenmi\u015f bask\u0131lar kullanarak\u00a0<\/strong><strong style=\"font-size: 14px;\">uzun vadede tasarruf edebilirsiniz. Kolay ta\u015f\u0131nabilir olmas\u0131 boyutlar\u0131n\u0131n k\u00fc\u00e7\u00fck olaca\u011f\u0131 anlam\u0131na gelmemekte, aksine bir akordeon \u00e7er\u00e7eve gibi a\u00e7\u0131l\u0131p kapanan kafes \u00e7er\u00e7eve yap\u0131s\u0131 sayesinde sergileme alan\u0131 inan\u0131lmaz boyutlara ula\u015fmaktad\u0131r.<\/strong><\/span><\/p>\n<p>[\/et_pb_text][\/et_pb_column_inner][\/et_pb_row_inner][et_pb_row_inner column_structure=&#8221;1_2,1_2&#8243; _builder_version=&#8221;3.25&#8243; custom_padding=&#8221;0px||0px|&#8221;][et_pb_column_inner type=&#8221;1_2&#8243; saved_specialty_column_type=&#8221;1_2&#8243; _builder_version=&#8221;3.25&#8243; custom_padding=&#8221;|||&#8221; parallax__hover=&#8221;off&#8221; parallax_method__hover=&#8221;on&#8221; custom_padding__hover=&#8221;|||&#8221;][et_pb_image src=&#8221;https:\/\/roz.metayat.com\/wp-content\/uploads\/2020\/07\/DFPOP3.jpg&#8221; title_text=&#8221;DFPOP3&#8243; show_in_lightbox=&#8221;on&#8221; align_tablet=&#8221;center&#8221; align_phone=&#8221;&#8221; align_last_edited=&#8221;on|desktop&#8221; _builder_version=&#8221;4.7.7&#8243; animation_style=&#8221;flip&#8221; animation_direction=&#8221;right&#8221; hover_enabled=&#8221;0&#8243; box_shadow_style=&#8221;preset7&#8243; box_shadow_horizontal=&#8221;0px&#8221; box_shadow_vertical=&#8221;0px&#8221; box_shadow_spread=&#8221;10px&#8221; box_shadow_color=&#8221;#ffffff&#8221; locked=&#8221;off&#8221; sticky_enabled=&#8221;0&#8243;][\/et_pb_image][\/et_pb_column_inner][et_pb_column_inner type=&#8221;1_2&#8243; saved_specialty_column_type=&#8221;1_2&#8243; _builder_version=&#8221;3.25&#8243; custom_padding=&#8221;|||&#8221; parallax__hover=&#8221;off&#8221; parallax_method__hover=&#8221;on&#8221; custom_padding__hover=&#8221;|||&#8221;][et_pb_image src=&#8221;https:\/\/roz.metayat.com\/wp-content\/uploads\/2020\/07\/DFPOPx-1.jpg&#8221; title_text=&#8221;DFPOPx&#8221; show_in_lightbox=&#8221;on&#8221; align_tablet=&#8221;center&#8221; align_phone=&#8221;&#8221; align_last_edited=&#8221;on|desktop&#8221; _builder_version=&#8221;4.7.7&#8243; animation_style=&#8221;flip&#8221; animation_direction=&#8221;right&#8221; hover_enabled=&#8221;0&#8243; box_shadow_style=&#8221;preset7&#8243; box_shadow_horizontal=&#8221;0px&#8221; box_shadow_vertical=&#8221;0px&#8221; box_shadow_spread=&#8221;10px&#8221; box_shadow_color=&#8221;#ffffff&#8221; sticky_enabled=&#8221;0&#8243;][\/et_pb_image][\/et_pb_column_inner][\/et_pb_row_inner][et_pb_row_inner _builder_version=&#8221;4.4.7&#8243; custom_padding=&#8221;13px|||||&#8221;][et_pb_column_inner saved_specialty_column_type=&#8221;1_2&#8243; _builder_version=&#8221;4.4.7&#8243;][et_pb_image src=&#8221;https:\/\/roz.metayat.com\/wp-content\/uploads\/2020\/07\/DFPOP4.jpg&#8221; title_text=&#8221;DFPOP4&#8243; show_in_lightbox=&#8221;on&#8221; align_tablet=&#8221;center&#8221; align_phone=&#8221;&#8221; align_last_edited=&#8221;on|desktop&#8221; _builder_version=&#8221;4.7.7&#8243; custom_margin=&#8221;-21px|||||&#8221; custom_padding=&#8221;|0px|1px|0px||&#8221; animation_style=&#8221;flip&#8221; animation_direction=&#8221;right&#8221; hover_enabled=&#8221;0&#8243; box_shadow_style=&#8221;preset7&#8243; box_shadow_horizontal=&#8221;0px&#8221; box_shadow_vertical=&#8221;0px&#8221; box_shadow_spread=&#8221;10px&#8221; box_shadow_color=&#8221;#ffffff&#8221; sticky_enabled=&#8221;0&#8243;][\/et_pb_image][\/et_pb_column_inner][\/et_pb_row_inner][\/et_pb_column][\/et_pb_section][et_pb_section fb_built=&#8221;1&#8243; _builder_version=&#8221;4.4.8&#8243; background_color=&#8221;#847f82&#8243; custom_margin=&#8221;||-27px||false|false&#8221; custom_padding=&#8221;0px|0px|4px|0px||&#8221;][et_pb_row _builder_version=&#8221;3.25&#8243; background_size=&#8221;initial&#8221; background_position=&#8221;top_left&#8221; background_repeat=&#8221;repeat&#8221;][et_pb_column type=&#8221;4_4&#8243; _builder_version=&#8221;3.25&#8243; custom_padding=&#8221;|||&#8221; custom_padding__hover=&#8221;|||&#8221;][et_pb_image src=&#8221;https:\/\/roz.metayat.com\/wp-content\/uploads\/2020\/07\/DFPOP.jpg&#8221; title_text=&#8221;DFPOP&#8221; show_in_lightbox=&#8221;on&#8221; align=&#8221;center&#8221; align_tablet=&#8221;center&#8221; align_phone=&#8221;&#8221; align_last_edited=&#8221;on|desktop&#8221; _builder_version=&#8221;4.7.7&#8243; custom_margin=&#8221;60px||51px|||&#8221; animation_style=&#8221;slide&#8221; animation_direction=&#8221;left&#8221; animation_duration=&#8221;500ms&#8221; animation_intensity_slide=&#8221;10%&#8221; animation_starting_opacity=&#8221;100%&#8221; hover_enabled=&#8221;0&#8243; sticky_enabled=&#8221;0&#8243;][\/et_pb_image][\/et_pb_column][\/et_pb_row][\/et_pb_section]<\/p>\n","protected":false},"excerpt":{"rendered":"<p>[et_pb_section fb_built=&#8221;1&#8243; admin_label=&#8221;Hero&#8221; _builder_version=&#8221;4.7.7&#8243; background_color=&#8221;#847f82&#8243; background_image=&#8221;https:\/\/roz.metayat.com\/wp-content\/uploads\/2020\/07\/DFPOPEntry.jpg&#8221; background_blend=&#8221;color-burn&#8221; min_height=&#8221;200px&#8221; custom_padding=&#8221;|||&#8221; animation_style=&#8221;zoom&#8221; animation_intensity_zoom=&#8221;4%&#8221; hover_enabled=&#8221;0&#8243; title_text=&#8221;DFPOPEntry&#8221; sticky_enabled=&#8221;0&#8243;][et_pb_row _builder_version=&#8221;4.4.7&#8243; background_size=&#8221;initial&#8221; background_position=&#8221;top_left&#8221; background_repeat=&#8221;repeat&#8221; custom_padding=&#8221;|||&#8221; animation_style=&#8221;slide&#8221; animation_direction=&#8221;top&#8221; animation_intensity_slide=&#8221;3%&#8221;][et_pb_column type=&#8221;4_4&#8243; _builder_version=&#8221;4.4.7&#8243; custom_padding=&#8221;80px||||false|false&#8221; custom_padding__hover=&#8221;|||&#8221;][et_pb_text _builder_version=&#8221;4.4.7&#8243; text_font=&#8221;||||||||&#8221; header_font=&#8221;Rubik|700||on|||||&#8221; header_text_color=&#8221;#353740&#8243; header_font_size=&#8221;41px&#8221; header_line_height=&#8221;1.3em&#8221; background_size=&#8221;initial&#8221; background_position=&#8221;top_left&#8221; background_repeat=&#8221;repeat&#8221; width=&#8221;100%&#8221; custom_margin=&#8221;|||-1px|false|false&#8221; custom_padding=&#8221;100px|0px||3px|false|false&#8221; animation_style=&#8221;fade&#8221; header_font_size_last_edited=&#8221;off|desktop&#8221; locked=&#8221;off&#8221;] \u00f6r\u00fcmcek bask\u0131 (pop-up d\u0131splay) [\/et_pb_text][\/et_pb_column][\/et_pb_row][\/et_pb_section][et_pb_section fb_built=&#8221;1&#8243; make_equal=&#8221;on&#8221; use_custom_gutter=&#8221;on&#8221; specialty=&#8221;on&#8221; padding_top_1=&#8221;0px&#8221; admin_label=&#8221;Work Section&#8221; _builder_version=&#8221;3.22&#8243; custom_padding=&#8221;60px||4px|||&#8221; [&hellip;]<\/p>\n","protected":false},"author":1,"featured_media":0,"parent":0,"menu_order":0,"comment_status":"closed","ping_status":"closed","template":"","meta":{"_et_pb_use_builder":"on","_et_pb_old_content":"<!-- wp:divi\/placeholder \/-->","_et_gb_content_width":"","footnotes":""},"class_list":["post-6130","page","type-page","status-publish","hentry"],"_links":{"self":[{"href":"https:\/\/roz.metayat.com\/index.php\/wp-json\/wp\/v2\/pages\/6130","targetHints":{"allow":["GET"]}}],"collection":[{"href":"https:\/\/roz.metayat.com\/index.php\/wp-json\/wp\/v2\/pages"}],"about":[{"href":"https:\/\/roz.metayat.com\/index.php\/wp-json\/wp\/v2\/types\/page"}],"author":[{"embeddable":true,"href":"https:\/\/roz.metayat.com\/index.php\/wp-json\/wp\/v2\/users\/1"}],"replies":[{"embeddable":true,"href":"https:\/\/roz.metayat.com\/index.php\/wp-json\/wp\/v2\/comments?post=6130"}],"version-history":[{"count":7,"href":"https:\/\/roz.metayat.com\/index.php\/wp-json\/wp\/v2\/pages\/6130\/revisions"}],"predecessor-version":[{"id":8974,"href":"https:\/\/roz.metayat.com\/index.php\/wp-json\/wp\/v2\/pages\/6130\/revisions\/8974"}],"wp:attachment":[{"href":"https:\/\/roz.metayat.com\/index.php\/wp-json\/wp\/v2\/media?parent=6130"}],"curies":[{"name":"wp","href":"https:\/\/api.w.org\/{rel}","templated":true}]}}