{"id":6132,"date":"2020-02-09T12:47:17","date_gmt":"2020-02-09T12:47:17","guid":{"rendered":"http:\/\/roz.metayat.com\/?page_id=6132"},"modified":"2020-12-25T16:15:16","modified_gmt":"2020-12-25T16:15:16","slug":"roll-up-baski","status":"publish","type":"page","link":"https:\/\/roz.metayat.com\/index.php\/roll-up-baski\/","title":{"rendered":"ROLL-UP BASKI"},"content":{"rendered":"<p>[et_pb_section fb_built=&#8221;1&#8243; admin_label=&#8221;Hero&#8221; _builder_version=&#8221;4.7.7&#8243; background_color=&#8221;#847f82&#8243; background_image=&#8221;https:\/\/roz.metayat.com\/wp-content\/uploads\/2020\/07\/DFROLLEntryX.jpg&#8221; background_blend=&#8221;color-burn&#8221; min_height=&#8221;200px&#8221; custom_padding=&#8221;|||&#8221; animation_style=&#8221;zoom&#8221; animation_intensity_zoom=&#8221;4%&#8221; hover_enabled=&#8221;0&#8243; title_text=&#8221;DFROLLEntryX&#8221; sticky_enabled=&#8221;0&#8243;][et_pb_row _builder_version=&#8221;4.4.7&#8243; background_size=&#8221;initial&#8221; background_position=&#8221;top_left&#8221; background_repeat=&#8221;repeat&#8221; custom_padding=&#8221;|||&#8221; animation_style=&#8221;slide&#8221; animation_direction=&#8221;top&#8221; animation_intensity_slide=&#8221;3%&#8221;][et_pb_column type=&#8221;4_4&#8243; _builder_version=&#8221;4.4.7&#8243; custom_padding=&#8221;80px||||false|false&#8221; custom_padding__hover=&#8221;|||&#8221;][et_pb_text _builder_version=&#8221;4.4.7&#8243; text_font=&#8221;||||||||&#8221; header_font=&#8221;Rubik|700||on|||||&#8221; header_text_color=&#8221;#353740&#8243; header_font_size=&#8221;41px&#8221; header_line_height=&#8221;1.3em&#8221; background_size=&#8221;initial&#8221; background_position=&#8221;top_left&#8221; background_repeat=&#8221;repeat&#8221; width=&#8221;100%&#8221; custom_margin=&#8221;|||-1px|false|false&#8221; custom_padding=&#8221;100px|0px||3px|false|false&#8221; animation_style=&#8221;fade&#8221; header_font_size_last_edited=&#8221;off|desktop&#8221; locked=&#8221;off&#8221;]<\/p>\n<h1 style=\"text-align: left;\"><span color=\"#00adef\" style=\"color: #00adef;\">ROLL-UP BASKI<\/span><\/h1>\n<p>[\/et_pb_text][\/et_pb_column][\/et_pb_row][\/et_pb_section][et_pb_section fb_built=&#8221;1&#8243; make_equal=&#8221;on&#8221; use_custom_gutter=&#8221;on&#8221; specialty=&#8221;on&#8221; padding_top_1=&#8221;0px&#8221; admin_label=&#8221;Work Section&#8221; _builder_version=&#8221;3.22&#8243; custom_padding=&#8221;60px||4px|||&#8221; locked=&#8221;off&#8221;][et_pb_column type=&#8221;1_2&#8243; _builder_version=&#8221;3.25&#8243; custom_padding=&#8221;|||&#8221; padding_top__hover=&#8221;0px&#8221; parallax__hover=&#8221;off&#8221; parallax_method__hover=&#8221;on&#8221; custom_padding__hover=&#8221;|||&#8221;][et_pb_image src=&#8221;https:\/\/roz.metayat.com\/wp-content\/uploads\/2020\/07\/DFROLLUP0.jpg&#8221; title_text=&#8221;DFROLLUP0&#8243; show_in_lightbox=&#8221;on&#8221; align=&#8221;center&#8221; align_tablet=&#8221;center&#8221; align_phone=&#8221;&#8221; align_last_edited=&#8221;on|desktop&#8221; _builder_version=&#8221;4.7.7&#8243; animation_style=&#8221;flip&#8221; hover_enabled=&#8221;0&#8243; border_color_all=&#8221;#00adef&#8221; box_shadow_style=&#8221;preset7&#8243; box_shadow_horizontal=&#8221;0px&#8221; box_shadow_vertical=&#8221;0px&#8221; box_shadow_spread=&#8221;10px&#8221; box_shadow_color=&#8221;#ffffff&#8221; sticky_enabled=&#8221;0&#8243;][\/et_pb_image][\/et_pb_column][et_pb_column type=&#8221;1_2&#8243; specialty_columns=&#8221;2&#8243; _builder_version=&#8221;3.25&#8243; custom_padding=&#8221;|||&#8221; parallax__hover=&#8221;off&#8221; parallax_method__hover=&#8221;on&#8221; custom_padding__hover=&#8221;|||&#8221;][et_pb_row_inner _builder_version=&#8221;4.4.7&#8243; custom_padding=&#8221;8px|||||&#8221;][et_pb_column_inner saved_specialty_column_type=&#8221;1_2&#8243; _builder_version=&#8221;4.4.7&#8243;][et_pb_text _builder_version=&#8221;4.4.7&#8243; min_height=&#8221;208px&#8221; custom_margin=&#8221;||-23px|||&#8221; custom_padding=&#8221;|||15px||&#8221;]<\/p>\n<p><span style=\"color: #00adef;\"><strong>Rulo Bask\u0131lar, \u00fczerine i\u00e7erik bas\u0131labilen bir materyalden yap\u0131lan ve alttaki taban\u0131na do\u011fru rulo halinde sar\u0131labilerek katlanabilen ve kullan\u0131lmak istendi\u011finde yukar\u0131 do\u011fru \u00e7ekilerek a\u00e7\u0131l\u0131p bir afi\u015f haline gelen portatif reklam malzemesi \u00fczerine yap\u0131lan bask\u0131lard\u0131r. Rulo bask\u0131larda her biri farkl\u0131 \u00f6zelliklere ve maliyetlere sahip \u00e7e\u015fitli malzemeler kullan\u0131labilir. Ta\u015f\u0131nmas\u0131 kolay olan bu t\u00fcr Rulo Bask\u0131 Afi\u015fleri, markan\u0131z\u0131n ve \u00fcr\u00fcnlerinizin ticaret fuarlar\u0131 ve konferanslar gibi \u00e7e\u015fitli etkinliklerde tan\u0131t\u0131m\u0131 i\u00e7in en etkili ve pratik \u00e7\u00f6z\u00fcmlerden biridir. \u0130yi bir rulo afi\u015finin ba\u015far\u0131s\u0131, y\u00fcksek kaliteli bask\u0131ya, ayn\u0131 zamanda ve \u00f6zellikle \u00fczerine ne yazd\u0131rd\u0131\u011f\u0131n\u0131za ba\u011fl\u0131d\u0131r. \u201cDijifast\u201d uzun y\u0131llar edinmi\u015f oldu\u011fu sekt\u00f6r tecr\u00fcbesiyle sizlere bu konuda da yard\u0131mc\u0131 olacakt\u0131r.<\/strong><\/span><\/p>\n<p>[\/et_pb_text][\/et_pb_column_inner][\/et_pb_row_inner][et_pb_row_inner column_structure=&#8221;1_2,1_2&#8243; _builder_version=&#8221;3.25&#8243; custom_padding=&#8221;0px||0px|&#8221;][et_pb_column_inner type=&#8221;1_2&#8243; saved_specialty_column_type=&#8221;1_2&#8243; _builder_version=&#8221;3.25&#8243; custom_padding=&#8221;|||&#8221; parallax__hover=&#8221;off&#8221; parallax_method__hover=&#8221;on&#8221; custom_padding__hover=&#8221;|||&#8221;][et_pb_image src=&#8221;https:\/\/roz.metayat.com\/wp-content\/uploads\/2020\/07\/DFROLLUP2.jpg&#8221; title_text=&#8221;DFROLLUP2&#8243; show_in_lightbox=&#8221;on&#8221; align_tablet=&#8221;center&#8221; align_phone=&#8221;&#8221; align_last_edited=&#8221;on|desktop&#8221; _builder_version=&#8221;4.7.7&#8243; animation_style=&#8221;flip&#8221; animation_direction=&#8221;right&#8221; hover_enabled=&#8221;0&#8243; box_shadow_style=&#8221;preset7&#8243; box_shadow_horizontal=&#8221;0px&#8221; box_shadow_vertical=&#8221;0px&#8221; box_shadow_spread=&#8221;10px&#8221; box_shadow_color=&#8221;#ffffff&#8221; locked=&#8221;off&#8221; sticky_enabled=&#8221;0&#8243;][\/et_pb_image][\/et_pb_column_inner][et_pb_column_inner type=&#8221;1_2&#8243; saved_specialty_column_type=&#8221;1_2&#8243; _builder_version=&#8221;3.25&#8243; custom_padding=&#8221;|||&#8221; parallax__hover=&#8221;off&#8221; parallax_method__hover=&#8221;on&#8221; custom_padding__hover=&#8221;|||&#8221;][et_pb_image src=&#8221;https:\/\/roz.metayat.com\/wp-content\/uploads\/2020\/07\/DFROLLUP1.jpg&#8221; title_text=&#8221;DFROLLUP1&#8243; show_in_lightbox=&#8221;on&#8221; align_tablet=&#8221;center&#8221; align_phone=&#8221;&#8221; align_last_edited=&#8221;on|desktop&#8221; _builder_version=&#8221;4.7.7&#8243; animation_style=&#8221;flip&#8221; animation_direction=&#8221;right&#8221; hover_enabled=&#8221;0&#8243; box_shadow_style=&#8221;preset7&#8243; box_shadow_horizontal=&#8221;0px&#8221; box_shadow_vertical=&#8221;0px&#8221; box_shadow_spread=&#8221;10px&#8221; box_shadow_color=&#8221;#ffffff&#8221; sticky_enabled=&#8221;0&#8243;][\/et_pb_image][\/et_pb_column_inner][\/et_pb_row_inner][et_pb_row_inner _builder_version=&#8221;4.4.7&#8243; custom_padding=&#8221;13px|||||&#8221;][et_pb_column_inner saved_specialty_column_type=&#8221;1_2&#8243; _builder_version=&#8221;4.4.7&#8243;][et_pb_image src=&#8221;https:\/\/roz.metayat.com\/wp-content\/uploads\/2020\/07\/DFROLL1S-1.jpg&#8221; title_text=&#8221;DFROLL1S&#8221; show_in_lightbox=&#8221;on&#8221; align_tablet=&#8221;center&#8221; align_phone=&#8221;&#8221; align_last_edited=&#8221;on|desktop&#8221; _builder_version=&#8221;4.7.7&#8243; custom_margin=&#8221;-21px|||||&#8221; custom_padding=&#8221;|0px|1px|0px||&#8221; animation_style=&#8221;flip&#8221; animation_direction=&#8221;right&#8221; hover_enabled=&#8221;0&#8243; box_shadow_style=&#8221;preset7&#8243; box_shadow_horizontal=&#8221;0px&#8221; box_shadow_vertical=&#8221;0px&#8221; box_shadow_spread=&#8221;10px&#8221; box_shadow_color=&#8221;#ffffff&#8221; sticky_enabled=&#8221;0&#8243;][\/et_pb_image][\/et_pb_column_inner][\/et_pb_row_inner][\/et_pb_column][\/et_pb_section][et_pb_section fb_built=&#8221;1&#8243; _builder_version=&#8221;4.4.8&#8243; background_color=&#8221;#847f82&#8243; custom_margin=&#8221;||-27px||false|false&#8221; custom_padding=&#8221;0px|0px|4px|0px||&#8221;][et_pb_row _builder_version=&#8221;3.25&#8243; background_size=&#8221;initial&#8221; background_position=&#8221;top_left&#8221; background_repeat=&#8221;repeat&#8221;][et_pb_column type=&#8221;4_4&#8243; _builder_version=&#8221;3.25&#8243; custom_padding=&#8221;|||&#8221; custom_padding__hover=&#8221;|||&#8221;][et_pb_image src=&#8221;https:\/\/roz.metayat.com\/wp-content\/uploads\/2020\/07\/DFROLLup.jpg&#8221; title_text=&#8221;DFROLLup&#8221; show_in_lightbox=&#8221;on&#8221; align=&#8221;center&#8221; align_tablet=&#8221;center&#8221; align_phone=&#8221;&#8221; align_last_edited=&#8221;on|desktop&#8221; _builder_version=&#8221;4.7.7&#8243; custom_margin=&#8221;60px||51px|||&#8221; animation_style=&#8221;slide&#8221; animation_direction=&#8221;left&#8221; animation_duration=&#8221;500ms&#8221; animation_intensity_slide=&#8221;10%&#8221; animation_starting_opacity=&#8221;100%&#8221; hover_enabled=&#8221;0&#8243; sticky_enabled=&#8221;0&#8243;][\/et_pb_image][\/et_pb_column][\/et_pb_row][\/et_pb_section]<\/p>\n","protected":false},"excerpt":{"rendered":"<p>[et_pb_section fb_built=&#8221;1&#8243; admin_label=&#8221;Hero&#8221; _builder_version=&#8221;4.7.7&#8243; background_color=&#8221;#847f82&#8243; background_image=&#8221;https:\/\/roz.metayat.com\/wp-content\/uploads\/2020\/07\/DFROLLEntryX.jpg&#8221; background_blend=&#8221;color-burn&#8221; min_height=&#8221;200px&#8221; custom_padding=&#8221;|||&#8221; animation_style=&#8221;zoom&#8221; animation_intensity_zoom=&#8221;4%&#8221; hover_enabled=&#8221;0&#8243; title_text=&#8221;DFROLLEntryX&#8221; sticky_enabled=&#8221;0&#8243;][et_pb_row _builder_version=&#8221;4.4.7&#8243; background_size=&#8221;initial&#8221; background_position=&#8221;top_left&#8221; background_repeat=&#8221;repeat&#8221; custom_padding=&#8221;|||&#8221; animation_style=&#8221;slide&#8221; animation_direction=&#8221;top&#8221; animation_intensity_slide=&#8221;3%&#8221;][et_pb_column type=&#8221;4_4&#8243; _builder_version=&#8221;4.4.7&#8243; custom_padding=&#8221;80px||||false|false&#8221; custom_padding__hover=&#8221;|||&#8221;][et_pb_text _builder_version=&#8221;4.4.7&#8243; text_font=&#8221;||||||||&#8221; header_font=&#8221;Rubik|700||on|||||&#8221; header_text_color=&#8221;#353740&#8243; header_font_size=&#8221;41px&#8221; header_line_height=&#8221;1.3em&#8221; background_size=&#8221;initial&#8221; background_position=&#8221;top_left&#8221; background_repeat=&#8221;repeat&#8221; width=&#8221;100%&#8221; custom_margin=&#8221;|||-1px|false|false&#8221; custom_padding=&#8221;100px|0px||3px|false|false&#8221; animation_style=&#8221;fade&#8221; header_font_size_last_edited=&#8221;off|desktop&#8221; locked=&#8221;off&#8221;] ROLL-UP BASKI [\/et_pb_text][\/et_pb_column][\/et_pb_row][\/et_pb_section][et_pb_section fb_built=&#8221;1&#8243; make_equal=&#8221;on&#8221; use_custom_gutter=&#8221;on&#8221; specialty=&#8221;on&#8221; padding_top_1=&#8221;0px&#8221; admin_label=&#8221;Work Section&#8221; _builder_version=&#8221;3.22&#8243; custom_padding=&#8221;60px||4px|||&#8221; locked=&#8221;off&#8221;][et_pb_column type=&#8221;1_2&#8243; [&hellip;]<\/p>\n","protected":false},"author":1,"featured_media":0,"parent":0,"menu_order":0,"comment_status":"closed","ping_status":"closed","template":"","meta":{"_et_pb_use_builder":"on","_et_pb_old_content":"<!-- wp:divi\/placeholder \/-->","_et_gb_content_width":"","footnotes":""},"class_list":["post-6132","page","type-page","status-publish","hentry"],"_links":{"self":[{"href":"https:\/\/roz.metayat.com\/index.php\/wp-json\/wp\/v2\/pages\/6132","targetHints":{"allow":["GET"]}}],"collection":[{"href":"https:\/\/roz.metayat.com\/index.php\/wp-json\/wp\/v2\/pages"}],"about":[{"href":"https:\/\/roz.metayat.com\/index.php\/wp-json\/wp\/v2\/types\/page"}],"author":[{"embeddable":true,"href":"https:\/\/roz.metayat.com\/index.php\/wp-json\/wp\/v2\/users\/1"}],"replies":[{"embeddable":true,"href":"https:\/\/roz.metayat.com\/index.php\/wp-json\/wp\/v2\/comments?post=6132"}],"version-history":[{"count":8,"href":"https:\/\/roz.metayat.com\/index.php\/wp-json\/wp\/v2\/pages\/6132\/revisions"}],"predecessor-version":[{"id":8976,"href":"https:\/\/roz.metayat.com\/index.php\/wp-json\/wp\/v2\/pages\/6132\/revisions\/8976"}],"wp:attachment":[{"href":"https:\/\/roz.metayat.com\/index.php\/wp-json\/wp\/v2\/media?parent=6132"}],"curies":[{"name":"wp","href":"https:\/\/api.w.org\/{rel}","templated":true}]}}