{"id":7372,"date":"2020-02-15T01:38:15","date_gmt":"2020-02-15T01:38:15","guid":{"rendered":"http:\/\/roz.metayat.com\/?page_id=7372"},"modified":"2020-12-26T15:09:28","modified_gmt":"2020-12-26T15:09:28","slug":"islerimiz","status":"publish","type":"page","link":"https:\/\/roz.metayat.com\/index.php\/islerimiz\/","title":{"rendered":"\u0130\u015flerimiz"},"content":{"rendered":"<p>[et_pb_section fb_built=&#8221;1&#8243; admin_label=&#8221;Hero&#8221; _builder_version=&#8221;4.7.7&#8243; use_background_color_gradient=&#8221;on&#8221; background_color_gradient_start=&#8221;rgba(40,40,40,0.79)&#8221; background_color_gradient_end=&#8221;rgba(40,40,40,0.86)&#8221; background_color_gradient_type=&#8221;radial&#8221; background_color_gradient_direction_radial=&#8221;top left&#8221; background_color_gradient_overlays_image=&#8221;on&#8221; background_image=&#8221;https:\/\/roz.metayat.com\/wp-content\/uploads\/2020\/02\/image-28.jpg&#8221; custom_margin=&#8221;||||false&#8221; custom_padding=&#8221;7vw||7vw||true|false&#8221;][et_pb_row column_structure=&#8221;2_3,1_3&#8243; _builder_version=&#8221;3.25&#8243;][et_pb_column type=&#8221;2_3&#8243; _builder_version=&#8221;3.25&#8243; custom_padding=&#8221;|||&#8221; custom_padding__hover=&#8221;|||&#8221;][et_pb_text _builder_version=&#8221;4.3.2&#8243; text_font=&#8221;||||||||&#8221; header_font=&#8221;Rubik|700|||||||&#8221; header_text_align=&#8221;left&#8221; header_font_size=&#8221;64px&#8221; header_line_height=&#8221;1.1em&#8221; background_layout=&#8221;dark&#8221; max_width=&#8221;800px&#8221; custom_margin=&#8221;||0px|&#8221; custom_padding=&#8221;|||16px&#8221; text_font_size_tablet=&#8221;14px&#8221; text_font_size_last_edited=&#8221;off|desktop&#8221; header_font_size_tablet=&#8221;44px&#8221; header_font_size_phone=&#8221;32px&#8221; header_font_size_last_edited=&#8221;on|phone&#8221; border_color_all=&#8221;#00adef&#8221; border_width_left=&#8221;10px&#8221;]<\/p>\n<h1>\u0130\u015flerimiz<\/h1>\n<p>[\/et_pb_text][et_pb_text _builder_version=&#8221;3.27.4&#8243; text_font=&#8221;||||||||&#8221; text_font_size=&#8221;22px&#8221; text_line_height=&#8221;1.6em&#8221; header_font=&#8221;||||||||&#8221; background_layout=&#8221;dark&#8221; max_width=&#8221;800px&#8221; custom_margin=&#8221;|||&#8221; custom_padding=&#8221;20px||20px||true&#8221; text_font_size_tablet=&#8221;18px&#8221; text_font_size_phone=&#8221;&#8221; text_font_size_last_edited=&#8221;on|phone&#8221;]<\/p>\n<p>Y\u00fcksek Kaliteli Bask\u0131lar&#8230;<br \/>H\u0131zl\u0131 Geri D\u00f6n\u00fc\u015f&#8230;\u00a0<br \/>Ola\u011fan\u00fcst\u00fc M\u00fc\u015fteri Hizmetleri&#8230;\u00a0<\/p>\n<p>[\/et_pb_text][\/et_pb_column][et_pb_column type=&#8221;1_3&#8243; _builder_version=&#8221;3.25&#8243; custom_padding=&#8221;|||&#8221; custom_padding__hover=&#8221;|||&#8221;][\/et_pb_column][\/et_pb_row][\/et_pb_section][et_pb_section fb_built=&#8221;1&#8243; custom_padding_last_edited=&#8221;on|desktop&#8221; _builder_version=&#8221;4.3.3&#8243; background_color=&#8221;#f9f9f9&#8243; custom_margin_tablet=&#8221;&#8221; custom_margin_phone=&#8221;&#8221; custom_margin_last_edited=&#8221;on|desktop&#8221; custom_padding_tablet=&#8221;&#8221; custom_padding_phone=&#8221;&#8221; top_divider_style=&#8221;wave2&#8243; top_divider_color=&#8221;rgba(236,0,139,0.2)&#8221; top_divider_height=&#8221;69px&#8221; top_divider_flip=&#8221;vertical&#8221; bottom_divider_style=&#8221;wave&#8221; bottom_divider_color=&#8221;rgba(236,0,139,0.2)&#8221; bottom_divider_height=&#8221;32px&#8221; custom_css_main_element=&#8221;min-height: 500px&#8221; collapsed=&#8221;off&#8221;][et_pb_row _builder_version=&#8221;4.4.1&#8243; min_height=&#8221;64px&#8221; custom_margin=&#8221;0px||||false|false&#8221; custom_padding=&#8221;60px||||false|false&#8221; collapsed=&#8221;off&#8221;][et_pb_column type=&#8221;4_4&#8243; _builder_version=&#8221;3.25&#8243; custom_padding=&#8221;|||&#8221; custom_padding__hover=&#8221;|||&#8221;][et_pb_text _builder_version=&#8221;4.4.1&#8243; custom_padding=&#8221;||16px||false|false&#8221;][\/et_pb_text][\/et_pb_column][\/et_pb_row][et_pb_row use_custom_gutter=&#8221;on&#8221; custom_padding_last_edited=&#8221;on|desktop&#8221; _builder_version=&#8221;3.25&#8243; background_size=&#8221;initial&#8221; background_position=&#8221;top_left&#8221; background_repeat=&#8221;repeat&#8221; width=&#8221;90%&#8221; max_width=&#8221;90%&#8221; custom_margin=&#8221;0px||0px|&#8221; custom_margin_tablet=&#8221;&#8221; custom_margin_phone=&#8221;&#8221; custom_margin_last_edited=&#8221;on|desktop&#8221; custom_padding=&#8221;0px|0px|0px|0px&#8221; custom_padding_tablet=&#8221;&#8221; custom_padding_phone=&#8221;&#8221; use_custom_width=&#8221;on&#8221; width_unit=&#8221;off&#8221; custom_width_percent=&#8221;90%&#8221; collapsed=&#8221;off&#8221;][et_pb_column type=&#8221;4_4&#8243; _builder_version=&#8221;3.25&#8243; custom_padding=&#8221;0px|0px|0px|0px&#8221; custom_padding_tablet=&#8221;&#8221; custom_padding_phone=&#8221;&#8221; custom_padding_last_edited=&#8221;on|desktop&#8221; custom_padding__hover=&#8221;|||&#8221;][et_pb_filterable_portfolio fullwidth=&#8221;off&#8221; posts_number=&#8221;30&#8243; include_categories=&#8221;14,13,15,16&#8243; show_categories=&#8221;off&#8221; show_pagination=&#8221;off&#8221; zoom_icon_color=&#8221;rgba(0,0,0,0)&#8221; hover_overlay_color=&#8221;rgba(0,0,0,0)&#8221; hover_icon=&#8221;%%273%%&#8221; admin_label=&#8221;Filterable Portfolio with Rectangles Effect&#8221; module_class=&#8221;dvcs_portfolio effect-rectangles my-portfolio&#8221; _builder_version=&#8221;4.7.7&#8243; title_font=&#8221;|700||on|||||&#8221; title_text_align=&#8221;center&#8221; title_text_color=&#8221;#fff100&#8243; title_font_size=&#8221;26&#8243; title_line_height=&#8221;1em&#8221; filter_font=&#8221;|700||on|||||&#8221; filter_text_color=&#8221;#fff100&#8243; filter_font_size=&#8221;19px&#8221; filter_line_height=&#8221;1em&#8221; caption_font=&#8221;||||||||&#8221; caption_text_color=&#8221;#fff100&#8243; caption_font_size=&#8221;24&#8243; pagination_font=&#8221;|600||on|||||&#8221; pagination_text_align=&#8221;center&#8221; pagination_text_color=&#8221;#c3c3c3&#8243; pagination_line_height=&#8221;2em&#8221; text_orientation=&#8221;left&#8221; background_layout=&#8221;dark&#8221; custom_margin=&#8221;0px||||false|false&#8221; custom_padding=&#8221;0px||41px||false|false&#8221; animation_style=&#8221;fade&#8221; hover_enabled=&#8221;0&#8243; title_font_size_tablet=&#8221;22&#8243; title_font_size_phone=&#8221;20&#8243; title_font_size_last_edited=&#8221;on|desktop&#8221; filter_font_size_tablet=&#8221;16&#8243; filter_font_size_phone=&#8221;&#8221; filter_font_size_last_edited=&#8221;on|desktop&#8221; caption_font_size_tablet=&#8221;20&#8243; caption_font_size_phone=&#8221;18&#8243; caption_font_size_last_edited=&#8221;on|phone&#8221; pagination_font_size_tablet=&#8221;&#8221; pagination_font_size_phone=&#8221;&#8221; pagination_font_size_last_edited=&#8221;on|desktop&#8221; pagination_line_height_tablet=&#8221;1.7em&#8221; pagination_line_height_phone=&#8221;&#8221; pagination_line_height_last_edited=&#8221;on|desktop&#8221; title_text_shadow_style=&#8221;preset2&#8243; title_text_shadow_color=&#8221;#000000&#8243; filter_text_shadow_style=&#8221;preset5&#8243; filter_text_shadow_blur_strength=&#8221;0.07em&#8221; filter_text_shadow_color=&#8221;#000000&#8243; border_width_all_image=&#8221;2px&#8221; border_color_all_image=&#8221;#00adef&#8221; border_style_all_image=&#8221;dashed&#8221; border_width_top_image=&#8221;2px&#8221; box_shadow_style_image=&#8221;preset2&#8243; box_shadow_horizontal_image=&#8221;5px&#8221; sticky_enabled=&#8221;0&#8243;][\/et_pb_filterable_portfolio][\/et_pb_column][\/et_pb_row][\/et_pb_section][et_pb_section fb_built=&#8221;1&#8243; admin_label=&#8221;Section&#8221; _builder_version=&#8221;4.3.3&#8243; background_color=&#8221;#ffb400&#8243; use_background_color_gradient=&#8221;on&#8221; background_color_gradient_start=&#8221;#00adef&#8221; background_color_gradient_end=&#8221;#ec008b&#8221; custom_padding=&#8221;100px|0px|100px|0px|true|false&#8221;][et_pb_row admin_label=&#8221;Row&#8221; _builder_version=&#8221;3.25&#8243;][et_pb_column type=&#8221;4_4&#8243; _builder_version=&#8221;3.25&#8243; custom_padding=&#8221;|||&#8221; custom_padding__hover=&#8221;|||&#8221;][et_pb_text _builder_version=&#8221;4.3.3&#8243; text_font=&#8221;||||||||&#8221; header_font=&#8221;||||||||&#8221; header_2_font=&#8221;Rubik|700|||||||&#8221; header_2_font_size=&#8221;60px&#8221; header_2_line_height=&#8221;1.2em&#8221; text_orientation=&#8221;center&#8221; custom_margin=&#8221;|||&#8221; custom_padding=&#8221;|||&#8221; header_2_font_size_tablet=&#8221;&#8221; header_2_font_size_phone=&#8221;36px&#8221; header_2_font_size_last_edited=&#8221;on|desktop&#8221; locked=&#8221;off&#8221;]<\/p>\n<h2>Bask\u0131 d\u00fcnyas\u0131nda her neye ihtiyac\u0131n\u0131z varsa&#8230;<\/h2>\n<h2>Bir t\u0131k uza\u011f\u0131nday\u0131z!<\/h2>\n<p>[\/et_pb_text][\/et_pb_column][\/et_pb_row][\/et_pb_section][et_pb_section fb_built=&#8221;1&#8243; use_custom_gutter=&#8221;on&#8221; specialty=&#8221;on&#8221; parallax_method_2=&#8221;off&#8221; background_color_1=&#8221;#847f82&#8243; bg_img_2=&#8221;https:\/\/roz.metayat.com\/wp-content\/uploads\/2020\/03\/DJI_400xz.jpg&#8221; background_blend_1=&#8221;normal&#8221; background_blend_2=&#8221;normal&#8221; padding_top_bottom_link_1=&#8221;true&#8221; padding_left_right_link_1=&#8221;true&#8221; use_background_color_gradient_2=&#8221;off&#8221; padding_top_1=&#8221;80px&#8221; padding_right_1=&#8221;6vw&#8221; padding_bottom_1=&#8221;80px&#8221; padding_left_1=&#8221;6vw&#8221; padding_1_tablet=&#8221;|10%||10%||true&#8221; padding_1_phone=&#8221;&#8221; padding_1_last_edited=&#8221;on|phone&#8221; admin_label=&#8221;Footer&#8221; _builder_version=&#8221;4.4.1&#8243; background_color=&#8221;#847f82&#8243; background_enable_image=&#8221;off&#8221; inner_width=&#8221;100%&#8221; inner_width_tablet=&#8221;100%&#8221; inner_width_phone=&#8221;&#8221; inner_width_last_edited=&#8221;on|desktop&#8221; inner_max_width=&#8221;100%&#8221; inner_max_width_tablet=&#8221;100%&#8221; inner_max_width_phone=&#8221;&#8221; inner_max_width_last_edited=&#8221;on|desktop&#8221; custom_padding=&#8221;0px||0px||true&#8221; make_fullwidth=&#8221;on&#8221; collapsed=&#8221;on&#8221;][et_pb_column type=&#8221;1_2&#8243; admin_label=&#8221;Column&#8221; _builder_version=&#8221;3.25&#8243; background_color=&#8221;#ffb400&#8243; custom_padding=&#8221;|||&#8221; padding_tablet=&#8221;|10%||10%||true&#8221; padding_last_edited=&#8221;on|phone&#8221; custom_padding__hover=&#8221;|||&#8221;][et_pb_text _builder_version=&#8221;4.4.1&#8243; text_font=&#8221;||||||||&#8221; header_font=&#8221;||||||||&#8221; header_2_font=&#8221;Rubik|700|||||||&#8221; header_2_font_size=&#8221;42px&#8221; header_2_line_height=&#8221;1.2em&#8221; custom_margin=&#8221;|||&#8221; custom_padding=&#8221;|||&#8221; header_2_font_size_tablet=&#8221;&#8221; header_2_font_size_phone=&#8221;36px&#8221; header_2_font_size_last_edited=&#8221;on|phone&#8221; locked=&#8221;off&#8221;]<\/p>\n<h2>Bize Ula\u015f\u0131n<\/h2>\n<p>[\/et_pb_text][et_pb_divider color=&#8221;#2a2a2a&#8221; divider_position=&#8221;center&#8221; divider_weight=&#8221;5px&#8221; _builder_version=&#8221;3.9&#8243; max_width=&#8221;50px&#8221; locked=&#8221;off&#8221;][\/et_pb_divider][et_pb_contact_form email=&#8221;info@kenzatek.com&#8221; success_message=&#8221;Te\u015fekk\u00fcr ederiz. En k\u0131sa zamanda size geri d\u00f6nece\u011fiz.&#8221; submit_button_text=&#8221;G\u00f6nder&#8221; admin_label=&#8221;Contact Form&#8221; module_id=&#8221;et_pb_contact_message&#8221; _builder_version=&#8221;4.4.1&#8243; form_field_background_color=&#8221;#ffffff&#8221; title_font=&#8221;||||||||&#8221; form_field_font=&#8221;||||||||&#8221; form_field_font_size=&#8221;14px&#8221; form_field_line_height=&#8221;1.8em&#8221; custom_button=&#8221;on&#8221; button_text_size=&#8221;21px&#8221; button_text_color=&#8221;#00adef&#8221; button_bg_color=&#8221;rgba(0,0,0,0)&#8221; button_border_width=&#8221;1px&#8221; button_border_radius=&#8221;8px&#8221; button_letter_spacing=&#8221;4px&#8221; button_font=&#8221;Rubik|700||on|||||&#8221; button_use_icon=&#8221;off&#8221; min_height=&#8221;300px&#8221; custom_margin=&#8221;30px||30px||true&#8221; custom_margin_last_edited=&#8221;off|desktop&#8221; text_shadow_style=&#8221;preset2&#8243; form_background_color=&#8221;#ffffff&#8221; locked=&#8221;off&#8221; button_text_color_hover=&#8221;#ffb400&#8243; button_bg_color_hover=&#8221;#ffffff&#8221; button_border_color_hover=&#8221;#ffffff&#8221;][et_pb_contact_field field_id=&#8221;Name&#8221; field_title=&#8221;Ad\u0131n\u0131z&#8221; _builder_version=&#8221;4.4.1&#8243; button_text_size__hover_enabled=&#8221;off&#8221; button_one_text_size__hover_enabled=&#8221;off&#8221; button_two_text_size__hover_enabled=&#8221;off&#8221; button_text_color__hover_enabled=&#8221;off&#8221; button_one_text_color__hover_enabled=&#8221;off&#8221; button_two_text_color__hover_enabled=&#8221;off&#8221; button_border_width__hover_enabled=&#8221;off&#8221; button_one_border_width__hover_enabled=&#8221;off&#8221; button_two_border_width__hover_enabled=&#8221;off&#8221; button_border_color__hover_enabled=&#8221;off&#8221; button_one_border_color__hover_enabled=&#8221;off&#8221; button_two_border_color__hover_enabled=&#8221;off&#8221; button_border_radius__hover_enabled=&#8221;off&#8221; button_one_border_radius__hover_enabled=&#8221;off&#8221; button_two_border_radius__hover_enabled=&#8221;off&#8221; button_letter_spacing__hover_enabled=&#8221;off&#8221; button_one_letter_spacing__hover_enabled=&#8221;off&#8221; button_two_letter_spacing__hover_enabled=&#8221;off&#8221; button_bg_color__hover_enabled=&#8221;off&#8221; button_one_bg_color__hover_enabled=&#8221;off&#8221; button_two_bg_color__hover_enabled=&#8221;off&#8221;][\/et_pb_contact_field][et_pb_contact_field field_id=&#8221;Email&#8221; field_title=&#8221;E-posta Adresiniz&#8221; field_type=&#8221;email&#8221; _builder_version=&#8221;4.4.1&#8243; button_text_size__hover_enabled=&#8221;off&#8221; button_one_text_size__hover_enabled=&#8221;off&#8221; button_two_text_size__hover_enabled=&#8221;off&#8221; button_text_color__hover_enabled=&#8221;off&#8221; button_one_text_color__hover_enabled=&#8221;off&#8221; button_two_text_color__hover_enabled=&#8221;off&#8221; button_border_width__hover_enabled=&#8221;off&#8221; button_one_border_width__hover_enabled=&#8221;off&#8221; button_two_border_width__hover_enabled=&#8221;off&#8221; button_border_color__hover_enabled=&#8221;off&#8221; button_one_border_color__hover_enabled=&#8221;off&#8221; button_two_border_color__hover_enabled=&#8221;off&#8221; button_border_radius__hover_enabled=&#8221;off&#8221; button_one_border_radius__hover_enabled=&#8221;off&#8221; button_two_border_radius__hover_enabled=&#8221;off&#8221; button_letter_spacing__hover_enabled=&#8221;off&#8221; button_one_letter_spacing__hover_enabled=&#8221;off&#8221; button_two_letter_spacing__hover_enabled=&#8221;off&#8221; button_bg_color__hover_enabled=&#8221;off&#8221; button_one_bg_color__hover_enabled=&#8221;off&#8221; button_two_bg_color__hover_enabled=&#8221;off&#8221;][\/et_pb_contact_field][et_pb_contact_field field_id=&#8221;Message&#8221; field_title=&#8221;Mesaj\u0131n\u0131z&#8221; field_type=&#8221;text&#8221; fullwidth_field=&#8221;on&#8221; _builder_version=&#8221;4.4.1&#8243; button_text_size__hover_enabled=&#8221;off&#8221; button_one_text_size__hover_enabled=&#8221;off&#8221; button_two_text_size__hover_enabled=&#8221;off&#8221; button_text_color__hover_enabled=&#8221;off&#8221; button_one_text_color__hover_enabled=&#8221;off&#8221; button_two_text_color__hover_enabled=&#8221;off&#8221; button_border_width__hover_enabled=&#8221;off&#8221; button_one_border_width__hover_enabled=&#8221;off&#8221; button_two_border_width__hover_enabled=&#8221;off&#8221; button_border_color__hover_enabled=&#8221;off&#8221; button_one_border_color__hover_enabled=&#8221;off&#8221; button_two_border_color__hover_enabled=&#8221;off&#8221; button_border_radius__hover_enabled=&#8221;off&#8221; button_one_border_radius__hover_enabled=&#8221;off&#8221; button_two_border_radius__hover_enabled=&#8221;off&#8221; button_letter_spacing__hover_enabled=&#8221;off&#8221; button_one_letter_spacing__hover_enabled=&#8221;off&#8221; button_two_letter_spacing__hover_enabled=&#8221;off&#8221; button_bg_color__hover_enabled=&#8221;off&#8221; button_one_bg_color__hover_enabled=&#8221;off&#8221; button_two_bg_color__hover_enabled=&#8221;off&#8221;][\/et_pb_contact_field][\/et_pb_contact_form][\/et_pb_column][et_pb_column type=&#8221;1_2&#8243; specialty_columns=&#8221;2&#8243; _builder_version=&#8221;3.25&#8243; custom_padding=&#8221;|||&#8221; custom_padding__hover=&#8221;|||&#8221;][et_pb_row_inner _builder_version=&#8221;4.4.1&#8243; background_image=&#8221;https:\/\/roz.metayat.com\/wp-content\/uploads\/2020\/03\/DJI_400xz.jpg&#8221; min_height=&#8221;603px&#8221;][et_pb_column_inner saved_specialty_column_type=&#8221;1_2&#8243; _builder_version=&#8221;4.4.1&#8243;][\/et_pb_column_inner][\/et_pb_row_inner][\/et_pb_column][\/et_pb_section]<\/p>\n","protected":false},"excerpt":{"rendered":"<p>[et_pb_section fb_built=&#8221;1&#8243; admin_label=&#8221;Hero&#8221; _builder_version=&#8221;4.7.7&#8243; use_background_color_gradient=&#8221;on&#8221; background_color_gradient_start=&#8221;rgba(40,40,40,0.79)&#8221; background_color_gradient_end=&#8221;rgba(40,40,40,0.86)&#8221; background_color_gradient_type=&#8221;radial&#8221; background_color_gradient_direction_radial=&#8221;top left&#8221; background_color_gradient_overlays_image=&#8221;on&#8221; background_image=&#8221;https:\/\/roz.metayat.com\/wp-content\/uploads\/2020\/02\/image-28.jpg&#8221; custom_margin=&#8221;||||false&#8221; custom_padding=&#8221;7vw||7vw||true|false&#8221;][et_pb_row column_structure=&#8221;2_3,1_3&#8243; _builder_version=&#8221;3.25&#8243;][et_pb_column type=&#8221;2_3&#8243; _builder_version=&#8221;3.25&#8243; custom_padding=&#8221;|||&#8221; custom_padding__hover=&#8221;|||&#8221;][et_pb_text _builder_version=&#8221;4.3.2&#8243; text_font=&#8221;||||||||&#8221; header_font=&#8221;Rubik|700|||||||&#8221; header_text_align=&#8221;left&#8221; header_font_size=&#8221;64px&#8221; header_line_height=&#8221;1.1em&#8221; background_layout=&#8221;dark&#8221; max_width=&#8221;800px&#8221; custom_margin=&#8221;||0px|&#8221; custom_padding=&#8221;|||16px&#8221; text_font_size_tablet=&#8221;14px&#8221; text_font_size_last_edited=&#8221;off|desktop&#8221; header_font_size_tablet=&#8221;44px&#8221; header_font_size_phone=&#8221;32px&#8221; header_font_size_last_edited=&#8221;on|phone&#8221; border_color_all=&#8221;#00adef&#8221; border_width_left=&#8221;10px&#8221;] \u0130\u015flerimiz [\/et_pb_text][et_pb_text _builder_version=&#8221;3.27.4&#8243; text_font=&#8221;||||||||&#8221; text_font_size=&#8221;22px&#8221; text_line_height=&#8221;1.6em&#8221; header_font=&#8221;||||||||&#8221; background_layout=&#8221;dark&#8221; max_width=&#8221;800px&#8221; custom_margin=&#8221;|||&#8221; custom_padding=&#8221;20px||20px||true&#8221; text_font_size_tablet=&#8221;18px&#8221; text_font_size_phone=&#8221;&#8221; text_font_size_last_edited=&#8221;on|phone&#8221;] Y\u00fcksek Kaliteli Bask\u0131lar&#8230;H\u0131zl\u0131 Geri [&hellip;]<\/p>\n","protected":false},"author":1,"featured_media":0,"parent":0,"menu_order":0,"comment_status":"closed","ping_status":"closed","template":"","meta":{"_et_pb_use_builder":"on","_et_pb_old_content":"","_et_gb_content_width":"","footnotes":""},"class_list":["post-7372","page","type-page","status-publish","hentry"],"_links":{"self":[{"href":"https:\/\/roz.metayat.com\/index.php\/wp-json\/wp\/v2\/pages\/7372","targetHints":{"allow":["GET"]}}],"collection":[{"href":"https:\/\/roz.metayat.com\/index.php\/wp-json\/wp\/v2\/pages"}],"about":[{"href":"https:\/\/roz.metayat.com\/index.php\/wp-json\/wp\/v2\/types\/page"}],"author":[{"embeddable":true,"href":"https:\/\/roz.metayat.com\/index.php\/wp-json\/wp\/v2\/users\/1"}],"replies":[{"embeddable":true,"href":"https:\/\/roz.metayat.com\/index.php\/wp-json\/wp\/v2\/comments?post=7372"}],"version-history":[{"count":55,"href":"https:\/\/roz.metayat.com\/index.php\/wp-json\/wp\/v2\/pages\/7372\/revisions"}],"predecessor-version":[{"id":9064,"href":"https:\/\/roz.metayat.com\/index.php\/wp-json\/wp\/v2\/pages\/7372\/revisions\/9064"}],"wp:attachment":[{"href":"https:\/\/roz.metayat.com\/index.php\/wp-json\/wp\/v2\/media?parent=7372"}],"curies":[{"name":"wp","href":"https:\/\/api.w.org\/{rel}","templated":true}]}}